{"id":433,"date":"2025-10-04T18:10:24","date_gmt":"2025-10-04T16:10:24","guid":{"rendered":"http:\/\/staropolskamiodziarnia.pl\/?page_id=433"},"modified":"2026-01-15T22:24:24","modified_gmt":"2026-01-15T21:24:24","slug":"kontakt","status":"publish","type":"page","link":"http:\/\/staropolskamiodziarnia.pl\/?page_id=433","title":{"rendered":"Kontakt"},"content":{"rendered":"\n<p><\/p>\n\n\n\n<p class=\"has-text-align-center has-medium-font-size\">kontakt telefoniczny <\/p>\n\n\n\n<p class=\"has-text-align-center has-medium-font-size\">Ma\u0142gorzata Chabowska: 725 725 028 <\/p>\n\n\n\n<p class=\"has-text-align-center has-medium-font-size\">numer konta do op\u0142at za zam\u00f3wienia: 49 1020 2821 0000 1302 0014 0327<\/p>\n\n\n\n<p><\/p>\n","protected":false},"excerpt":{"rendered":"<p>kontakt telefoniczny Ma\u0142gorzata Chabowska: 725 725 028 numer konta do op\u0142at za zam\u00f3wienia: 49 1020 2821 0000 1302 0014 0327<\/p>\n","protected":false},"author":1,"featured_media":0,"parent":0,"menu_order":0,"comment_status":"closed","ping_status":"closed","template":"","meta":{"footnotes":""},"class_list":["post-433","page","type-page","status-publish","hentry","entry","owp-thumbs-layout-horizontal","owp-btn-big","owp-tabs-layout-horizontal","has-no-thumbnails","has-product-nav"],"_links":{"self":[{"href":"http:\/\/staropolskamiodziarnia.pl\/index.php?rest_route=\/wp\/v2\/pages\/433","targetHints":{"allow":["GET"]}}],"collection":[{"href":"http:\/\/staropolskamiodziarnia.pl\/index.php?rest_route=\/wp\/v2\/pages"}],"about":[{"href":"http:\/\/staropolskamiodziarnia.pl\/index.php?rest_route=\/wp\/v2\/types\/page"}],"author":[{"embeddable":true,"href":"http:\/\/staropolskamiodziarnia.pl\/index.php?rest_route=\/wp\/v2\/users\/1"}],"replies":[{"embeddable":true,"href":"http:\/\/staropolskamiodziarnia.pl\/index.php?rest_route=%2Fwp%2Fv2%2Fcomments&post=433"}],"version-history":[{"count":3,"href":"http:\/\/staropolskamiodziarnia.pl\/index.php?rest_route=\/wp\/v2\/pages\/433\/revisions"}],"predecessor-version":[{"id":468,"href":"http:\/\/staropolskamiodziarnia.pl\/index.php?rest_route=\/wp\/v2\/pages\/433\/revisions\/468"}],"wp:attachment":[{"href":"http:\/\/staropolskamiodziarnia.pl\/index.php?rest_route=%2Fwp%2Fv2%2Fmedia&parent=433"}],"curies":[{"name":"wp","href":"https:\/\/api.w.org\/{rel}","templated":true}]}}