{"id":22,"date":"2025-09-06T21:48:16","date_gmt":"2025-09-06T19:48:16","guid":{"rendered":"http:\/\/staropolskamiodziarnia.pl\/?page_id=22"},"modified":"2026-03-02T17:43:34","modified_gmt":"2026-03-02T16:43:34","slug":"warsztaty","status":"publish","type":"page","link":"http:\/\/staropolskamiodziarnia.pl\/?page_id=22","title":{"rendered":"Warsztaty"},"content":{"rendered":"\n<p class=\"has-text-align-center has-large-font-size\"><br><strong>Zapraszamy do Staropolskiej Miodziarni <\/strong><\/p>\n\n\n\n<p class=\"has-text-align-center has-large-font-size\"><strong>miejsca, gdzie nauka ma smak <\/strong><\/p>\n\n\n\n<p class=\"has-text-align-center has-large-font-size\"><strong>miodu i zapach tradycji!<\/strong>\u00a0<\/p>\n\n\n\n<p><\/p>\n\n\n\n<p class=\"has-medium-font-size\">Staropolska Miodziarnia po\u0142o\u017cona jest w wyj\u0105tkowym miejscu Pomorza Zachodniego otoczonym przez zachwycaj\u0105ce Wzg\u00f3rza \u015awieszewskie &#8211; Piaskow\u0105 G\u00f3r\u0119, Wy\u017cynk\u0119 oraz Bukowiec. To kraina \u0142agodnych wzniesie\u0144, soczystej zieleni i czystego powietrza, kt\u00f3ra stanowi idealne t\u0142o dla edukacji w zgodzie z natur\u0105. Okolica s\u0142ynie z ciszy, spokoju oraz bogactwa flory i fauny, co pozwala na prawdziwy odpoczynek i kontakt z przyrod\u0105. <\/p>\n\n\n\n<p><\/p>\n\n\n\n<figure class=\"wp-block-gallery has-nested-images columns-2 is-cropped wp-block-gallery-1 is-layout-flex wp-block-gallery-is-layout-flex\">\n<figure class=\"wp-block-image size-large\"><img fetchpriority=\"high\" decoding=\"async\" width=\"605\" height=\"865\" data-id=\"533\" src=\"http:\/\/staropolskamiodziarnia.pl\/wp-content\/uploads\/2026\/02\/69.gif\" alt=\"\" class=\"wp-image-533\"\/><\/figure>\n\n\n\n<figure class=\"wp-block-image size-large\"><img decoding=\"async\" width=\"577\" height=\"868\" data-id=\"504\" src=\"http:\/\/staropolskamiodziarnia.pl\/wp-content\/uploads\/2026\/02\/30.jpg\" alt=\"\" class=\"wp-image-504\" srcset=\"http:\/\/staropolskamiodziarnia.pl\/wp-content\/uploads\/2026\/02\/30.jpg 577w, http:\/\/staropolskamiodziarnia.pl\/wp-content\/uploads\/2026\/02\/30-199x300.jpg 199w\" sizes=\"(max-width: 577px) 100vw, 577px\" \/><\/figure>\n<\/figure>\n\n\n\n<hr class=\"wp-block-separator has-alpha-channel-opacity\"\/>\n\n\n\n<p class=\"has-medium-font-size\">Staropolska Miodziarnia to gospodarstwo ekologiczne oraz przede wszystkim przestrze\u0144, w kt\u00f3rej czas zwalnia, a natura gra g\u0142\u00f3wn\u0105 rol\u0119. Od pokole\u0144 piel\u0119gnujemy pszczelarskie tradycje, tworz\u0105c produkty wpisane na List\u0119 Produkt\u00f3w Tradycyjnych m.in. certyfikowany Mi\u00f3d \u201eDzika \u0141\u0105ka\u201d. Tutaj nasza pasja pszczelarska spotyka si\u0119 z najwy\u017csz\u0105 jako\u015bci\u0105. Nasze miody powstaj\u0105 w ekologicznym otoczeniu, z dala od przemys\u0142u, co gwarantuje ich niepowtarzalny aromat i w\u0142a\u015bciwo\u015bci zdrowotne. Podczas wizyty dzieci mog\u0105 dowiedzie\u0107 si\u0119, jak powstaje prawdziwy mi\u00f3d i zrozumie\u0107, jak wa\u017cn\u0105 rol\u0119 pe\u0142ni\u0105 pszczo\u0142y w naszym ekosystemie.<\/p>\n\n\n\n<p class=\"has-text-align-center has-medium-font-size\"><\/p>\n\n\n\n<figure class=\"wp-block-gallery has-nested-images columns-2 is-cropped wp-block-gallery-2 is-layout-flex wp-block-gallery-is-layout-flex\">\n<figure class=\"wp-block-image size-large\"><img decoding=\"async\" width=\"605\" height=\"865\" data-id=\"527\" src=\"http:\/\/staropolskamiodziarnia.pl\/wp-content\/uploads\/2026\/02\/65.gif\" alt=\"\" class=\"wp-image-527\"\/><\/figure>\n\n\n\n<figure class=\"wp-block-image size-large\"><img loading=\"lazy\" decoding=\"async\" width=\"605\" height=\"865\" data-id=\"530\" src=\"http:\/\/staropolskamiodziarnia.pl\/wp-content\/uploads\/2026\/02\/68.gif\" alt=\"\" class=\"wp-image-530\"\/><\/figure>\n\n\n\n<figure class=\"wp-block-image size-large\"><img loading=\"lazy\" decoding=\"async\" width=\"605\" height=\"865\" data-id=\"529\" src=\"http:\/\/staropolskamiodziarnia.pl\/wp-content\/uploads\/2026\/02\/67.gif\" alt=\"\" class=\"wp-image-529\"\/><\/figure>\n\n\n\n<figure class=\"wp-block-image size-large\"><img loading=\"lazy\" decoding=\"async\" width=\"605\" height=\"865\" data-id=\"528\" src=\"http:\/\/staropolskamiodziarnia.pl\/wp-content\/uploads\/2026\/02\/66.gif\" alt=\"\" class=\"wp-image-528\"\/><\/figure>\n<\/figure>\n\n\n\n<hr class=\"wp-block-separator has-alpha-channel-opacity\"\/>\n\n\n\n<p class=\"has-medium-font-size\">Wzg\u00f3rza \u015awieszewskie to pi\u0119kne widoki a tak\u017ce prastare sady i certyfikowane uprawy ekologiczne, \u015bcie\u017cki przyrodnicze idealne na spacery edukacyjne oraz bezpo\u015bredni kontakt z natur\u0105, kt\u00f3ry uczy wra\u017cliwo\u015bci i uwa\u017cnej obserwacji \u015bwiata.<\/p>\n\n\n\n<figure class=\"wp-block-gallery has-nested-images columns-default is-cropped wp-block-gallery-3 is-layout-flex wp-block-gallery-is-layout-flex\">\n<figure class=\"wp-block-image size-large\"><img loading=\"lazy\" decoding=\"async\" width=\"567\" height=\"794\" data-id=\"505\" src=\"http:\/\/staropolskamiodziarnia.pl\/wp-content\/uploads\/2026\/02\/50.gif\" alt=\"\" class=\"wp-image-505\"\/><\/figure>\n\n\n\n<figure class=\"wp-block-image size-large\"><img loading=\"lazy\" decoding=\"async\" width=\"691\" height=\"1024\" data-id=\"506\" src=\"http:\/\/staropolskamiodziarnia.pl\/wp-content\/uploads\/2026\/02\/51-691x1024.gif\" alt=\"\" class=\"wp-image-506\" srcset=\"http:\/\/staropolskamiodziarnia.pl\/wp-content\/uploads\/2026\/02\/51-691x1024.gif 691w, http:\/\/staropolskamiodziarnia.pl\/wp-content\/uploads\/2026\/02\/51-203x300.gif 203w, http:\/\/staropolskamiodziarnia.pl\/wp-content\/uploads\/2026\/02\/51-768x1138.gif 768w, http:\/\/staropolskamiodziarnia.pl\/wp-content\/uploads\/2026\/02\/51-1037x1536.gif 1037w, http:\/\/staropolskamiodziarnia.pl\/wp-content\/uploads\/2026\/02\/51-1382x2048.gif 1382w, http:\/\/staropolskamiodziarnia.pl\/wp-content\/uploads\/2026\/02\/51-600x889.gif 600w\" sizes=\"(max-width: 691px) 100vw, 691px\" \/><\/figure>\n<\/figure>\n\n\n\n<p><\/p>\n\n\n\n<p class=\"has-medium-font-size\">Przyjmujemy grupy dzieci oraz doros\u0142ych. Program zaj\u0119\u0107 elastycznie dostosowujemy do wieku oraz zainteresowa\u0144 uczestnik\u00f3w tak aby ka\u017cdy wyni\u00f3s\u0142 jak najwi\u0119cej frajdy i wiedzy. Nasze warsztaty to nie tylko nauka ale wsp\u00f3lne celebrowanie tradycji. Aby w pe\u0142ni poczu\u0107 smak i zapach tradycji wsp\u00f3lnie z naszymi go\u015b\u0107mi przygotowujemy wypieki np. pieczemy chleby oraz ciasta. W okresie \u015awi\u0105t Wielkanocnych piel\u0119gnujemy staropolskie tradycje, malujemy pisanki woskiem pszczelim, pleciemy wianki i przygotowujemy koszyczki wielkanocne, kt\u00f3re s\u0105 pi\u0119kn\u0105 dekoracj\u0105 sto\u0142u. W czasie \u015awi\u0105t Bo\u017cego Narodzenia uczymy si\u0119 \u015bpiewania kol\u0119d oraz przygotowujemy unikatowe, r\u0119cznie robione ozdoby na choink\u0119 z wosku pszczelego.<\/p>\n\n\n\n<p class=\"has-text-align-center has-medium-font-size\"><strong>Zobacz kr\u00f3tki film z naszych warsztat\u00f3w:<\/strong>  <a href=\"https:\/\/www.facebook.com\/reel\/2856397527880624\">https:\/\/www.facebook.com\/reel\/2856397527880624<\/a><\/p>\n\n\n\n<figure class=\"wp-block-gallery has-nested-images columns-1 is-cropped wp-block-gallery-4 is-layout-flex wp-block-gallery-is-layout-flex\">\n<figure class=\"wp-block-image size-large\"><img loading=\"lazy\" decoding=\"async\" width=\"1024\" height=\"683\" data-id=\"508\" src=\"http:\/\/staropolskamiodziarnia.pl\/wp-content\/uploads\/2026\/02\/52-1024x683.gif\" alt=\"\" class=\"wp-image-508\" srcset=\"http:\/\/staropolskamiodziarnia.pl\/wp-content\/uploads\/2026\/02\/52-1024x683.gif 1024w, http:\/\/staropolskamiodziarnia.pl\/wp-content\/uploads\/2026\/02\/52-300x200.gif 300w, http:\/\/staropolskamiodziarnia.pl\/wp-content\/uploads\/2026\/02\/52-768x512.gif 768w, http:\/\/staropolskamiodziarnia.pl\/wp-content\/uploads\/2026\/02\/52-600x400.gif 600w\" sizes=\"(max-width: 1024px) 100vw, 1024px\" \/><\/figure>\n\n\n\n<figure class=\"wp-block-image size-large\"><img loading=\"lazy\" decoding=\"async\" width=\"1024\" height=\"683\" data-id=\"510\" src=\"http:\/\/staropolskamiodziarnia.pl\/wp-content\/uploads\/2026\/02\/54-1024x683.gif\" alt=\"\" class=\"wp-image-510\" srcset=\"http:\/\/staropolskamiodziarnia.pl\/wp-content\/uploads\/2026\/02\/54-1024x683.gif 1024w, http:\/\/staropolskamiodziarnia.pl\/wp-content\/uploads\/2026\/02\/54-300x200.gif 300w, http:\/\/staropolskamiodziarnia.pl\/wp-content\/uploads\/2026\/02\/54-768x512.gif 768w, http:\/\/staropolskamiodziarnia.pl\/wp-content\/uploads\/2026\/02\/54-600x400.gif 600w\" sizes=\"(max-width: 1024px) 100vw, 1024px\" \/><\/figure>\n<\/figure>\n\n\n\n<p class=\"has-text-align-center has-medium-font-size\">Zobacz kr\u00f3tki film z warsztat\u00f3w w pracowni \u015awi\u0119tego Miko\u0142aja:  <\/p>\n\n\n\n<p class=\"has-text-align-center has-medium-font-size\"><a href=\"https:\/\/www.facebook.com\/reel\/3037707883101117\">https:\/\/www.facebook.com\/reel\/3037707883101117<\/a><\/p>\n\n\n\n<p class=\"has-text-align-center has-medium-font-size\"><a href=\"https:\/\/www.facebook.com\/reel\/1549778569537423\">https:\/\/www.facebook.com\/reel\/1549778569537423<\/a><br><\/p>\n\n\n\n<p class=\"has-text-align-left has-medium-font-size\">Serdecznie zapraszamy na warsztaty edukacyjne do naszej klimatycznej pracowni pszczelarskiej. Pracownia sk\u0142ada si\u0119 z dw\u00f3ch pomieszcze\u0144. W cz\u0119\u015bci pierwszej mie\u015bci si\u0119 nasz sklep stacjonarny a w cz\u0119\u015bci drugiej, wi\u0119kszej znajduj\u0105 si\u0119 sto\u0142y przy kt\u00f3rych wygodnie mo\u017ce usi\u0105\u015b\u0107 grupa od 10 do 25 os\u00f3b. Obecnie realizujemy kilka program\u00f3w &#8211; \u015bcie\u017cek edukacyjnych. Zwi\u0105zane s\u0105 one z rytmem \u017cycia na wsi oraz porami roku.<\/p>\n\n\n\n<figure class=\"wp-block-gallery has-nested-images columns-2 is-cropped wp-block-gallery-5 is-layout-flex wp-block-gallery-is-layout-flex\">\n<figure class=\"wp-block-image size-large\"><img loading=\"lazy\" decoding=\"async\" width=\"580\" height=\"875\" data-id=\"535\" src=\"http:\/\/staropolskamiodziarnia.pl\/wp-content\/uploads\/2026\/02\/74.gif\" alt=\"\" class=\"wp-image-535\"\/><\/figure>\n\n\n\n<figure class=\"wp-block-image size-large\"><img loading=\"lazy\" decoding=\"async\" width=\"580\" height=\"875\" data-id=\"536\" src=\"http:\/\/staropolskamiodziarnia.pl\/wp-content\/uploads\/2026\/02\/75.gif\" alt=\"\" class=\"wp-image-536\"\/><\/figure>\n\n\n\n<figure class=\"wp-block-image size-large\"><img loading=\"lazy\" decoding=\"async\" width=\"580\" height=\"875\" data-id=\"537\" src=\"http:\/\/staropolskamiodziarnia.pl\/wp-content\/uploads\/2026\/02\/76.gif\" alt=\"\" class=\"wp-image-537\"\/><\/figure>\n\n\n\n<figure class=\"wp-block-image size-large\"><img loading=\"lazy\" decoding=\"async\" width=\"580\" height=\"875\" data-id=\"538\" src=\"http:\/\/staropolskamiodziarnia.pl\/wp-content\/uploads\/2026\/02\/77.gif\" alt=\"\" class=\"wp-image-538\"\/><\/figure>\n<\/figure>\n\n\n\n<hr class=\"wp-block-separator has-alpha-channel-opacity\"\/>\n\n\n\n<p class=\"has-medium-font-size\"><\/p>\n\n\n\n<ol class=\"wp-block-list\">\n<li class=\"has-medium-font-size\">WIOSNA &#8211; to warsztaty edukacyjne Wielkanocne &#8220;Tradycje Wielkanocne&#8221; <\/li>\n\n\n\n<li class=\"has-medium-font-size\">LATO i JESIE\u0143 &#8211; to przede wszystkim warsztaty pszczelarskie &#8220;Fascynuj\u0105cy \u015awiat Pszcz\u00f3\u0142&#8221;<\/li>\n\n\n\n<li class=\"has-medium-font-size\">ZIMA &#8211; to warsztaty Bo\u017conarodzeniowe &#8220;Pracownia \u015awi\u0119tego Miko\u0142aja&#8221;<\/li>\n<\/ol>\n\n\n\n<figure class=\"wp-block-gallery has-nested-images columns-2 is-cropped wp-block-gallery-6 is-layout-flex wp-block-gallery-is-layout-flex\">\n<figure class=\"wp-block-image size-large\"><img loading=\"lazy\" decoding=\"async\" width=\"681\" height=\"1024\" data-id=\"478\" src=\"http:\/\/staropolskamiodziarnia.pl\/wp-content\/uploads\/2026\/01\/2-681x1024.gif\" alt=\"\" class=\"wp-image-478\" srcset=\"http:\/\/staropolskamiodziarnia.pl\/wp-content\/uploads\/2026\/01\/2-681x1024.gif 681w, http:\/\/staropolskamiodziarnia.pl\/wp-content\/uploads\/2026\/01\/2-200x300.gif 200w, http:\/\/staropolskamiodziarnia.pl\/wp-content\/uploads\/2026\/01\/2-768x1154.gif 768w, http:\/\/staropolskamiodziarnia.pl\/wp-content\/uploads\/2026\/01\/2-1022x1536.gif 1022w, http:\/\/staropolskamiodziarnia.pl\/wp-content\/uploads\/2026\/01\/2-1363x2048.gif 1363w, http:\/\/staropolskamiodziarnia.pl\/wp-content\/uploads\/2026\/01\/2-600x902.gif 600w\" sizes=\"(max-width: 681px) 100vw, 681px\" \/><\/figure>\n\n\n\n<figure class=\"wp-block-image size-large\"><img loading=\"lazy\" decoding=\"async\" width=\"1500\" height=\"2254\" data-id=\"480\" src=\"http:\/\/staropolskamiodziarnia.pl\/wp-content\/uploads\/2026\/01\/4-681x1024.gif\" alt=\"\" class=\"wp-image-480\" srcset=\"http:\/\/staropolskamiodziarnia.pl\/wp-content\/uploads\/2026\/01\/4-681x1024.gif 681w, http:\/\/staropolskamiodziarnia.pl\/wp-content\/uploads\/2026\/01\/4-200x300.gif 200w, http:\/\/staropolskamiodziarnia.pl\/wp-content\/uploads\/2026\/01\/4-768x1154.gif 768w, http:\/\/staropolskamiodziarnia.pl\/wp-content\/uploads\/2026\/01\/4-1022x1536.gif 1022w, http:\/\/staropolskamiodziarnia.pl\/wp-content\/uploads\/2026\/01\/4-1363x2048.gif 1363w, http:\/\/staropolskamiodziarnia.pl\/wp-content\/uploads\/2026\/01\/4-600x902.gif 600w\" sizes=\"(max-width: 1500px) 100vw, 1500px\" \/><\/figure>\n\n\n\n<figure class=\"wp-block-image size-large\"><img loading=\"lazy\" decoding=\"async\" width=\"681\" height=\"1024\" data-id=\"479\" src=\"http:\/\/staropolskamiodziarnia.pl\/wp-content\/uploads\/2026\/01\/3-681x1024.gif\" alt=\"\" class=\"wp-image-479\" srcset=\"http:\/\/staropolskamiodziarnia.pl\/wp-content\/uploads\/2026\/01\/3-681x1024.gif 681w, http:\/\/staropolskamiodziarnia.pl\/wp-content\/uploads\/2026\/01\/3-200x300.gif 200w, http:\/\/staropolskamiodziarnia.pl\/wp-content\/uploads\/2026\/01\/3-768x1154.gif 768w, http:\/\/staropolskamiodziarnia.pl\/wp-content\/uploads\/2026\/01\/3-1022x1536.gif 1022w, http:\/\/staropolskamiodziarnia.pl\/wp-content\/uploads\/2026\/01\/3-1363x2048.gif 1363w, http:\/\/staropolskamiodziarnia.pl\/wp-content\/uploads\/2026\/01\/3-600x902.gif 600w\" sizes=\"(max-width: 681px) 100vw, 681px\" \/><\/figure>\n\n\n\n<figure class=\"wp-block-image size-large\"><img loading=\"lazy\" decoding=\"async\" width=\"681\" height=\"1024\" data-id=\"477\" src=\"http:\/\/staropolskamiodziarnia.pl\/wp-content\/uploads\/2026\/01\/1-681x1024.gif\" alt=\"\" class=\"wp-image-477\" srcset=\"http:\/\/staropolskamiodziarnia.pl\/wp-content\/uploads\/2026\/01\/1-681x1024.gif 681w, http:\/\/staropolskamiodziarnia.pl\/wp-content\/uploads\/2026\/01\/1-200x300.gif 200w, http:\/\/staropolskamiodziarnia.pl\/wp-content\/uploads\/2026\/01\/1-768x1154.gif 768w, http:\/\/staropolskamiodziarnia.pl\/wp-content\/uploads\/2026\/01\/1-1022x1536.gif 1022w, http:\/\/staropolskamiodziarnia.pl\/wp-content\/uploads\/2026\/01\/1-1363x2048.gif 1363w, http:\/\/staropolskamiodziarnia.pl\/wp-content\/uploads\/2026\/01\/1-600x902.gif 600w\" sizes=\"(max-width: 681px) 100vw, 681px\" \/><\/figure>\n<\/figure>\n\n\n\n<hr class=\"wp-block-separator has-alpha-channel-opacity\"\/>\n\n\n\n<p class=\"has-text-align-center has-medium-font-size\">Widok z lotu ptaka na nasze gospodarstwo<\/p>\n\n\n\n<figure class=\"wp-block-gallery has-nested-images columns-1 is-cropped wp-block-gallery-7 is-layout-flex wp-block-gallery-is-layout-flex\">\n<figure class=\"wp-block-image size-large\"><img loading=\"lazy\" decoding=\"async\" width=\"1024\" height=\"683\" data-id=\"514\" src=\"http:\/\/staropolskamiodziarnia.pl\/wp-content\/uploads\/2026\/02\/56-1024x683.gif\" alt=\"\" class=\"wp-image-514\" srcset=\"http:\/\/staropolskamiodziarnia.pl\/wp-content\/uploads\/2026\/02\/56-1024x683.gif 1024w, http:\/\/staropolskamiodziarnia.pl\/wp-content\/uploads\/2026\/02\/56-300x200.gif 300w, http:\/\/staropolskamiodziarnia.pl\/wp-content\/uploads\/2026\/02\/56-768x512.gif 768w, http:\/\/staropolskamiodziarnia.pl\/wp-content\/uploads\/2026\/02\/56-600x400.gif 600w\" sizes=\"(max-width: 1024px) 100vw, 1024px\" \/><\/figure>\n\n\n\n<figure class=\"wp-block-image size-large\"><img loading=\"lazy\" decoding=\"async\" width=\"1024\" height=\"683\" data-id=\"513\" src=\"http:\/\/staropolskamiodziarnia.pl\/wp-content\/uploads\/2026\/02\/55-1024x683.gif\" alt=\"\" class=\"wp-image-513\" srcset=\"http:\/\/staropolskamiodziarnia.pl\/wp-content\/uploads\/2026\/02\/55-1024x683.gif 1024w, http:\/\/staropolskamiodziarnia.pl\/wp-content\/uploads\/2026\/02\/55-300x200.gif 300w, http:\/\/staropolskamiodziarnia.pl\/wp-content\/uploads\/2026\/02\/55-768x512.gif 768w, http:\/\/staropolskamiodziarnia.pl\/wp-content\/uploads\/2026\/02\/55-600x400.gif 600w\" sizes=\"(max-width: 1024px) 100vw, 1024px\" \/><\/figure>\n<\/figure>\n\n\n<\/p>\n<p><!-- \/wp:post-content --><\/p>\n<p><!-- wp:paragraph --><\/p>\n<p><!-- \/wp:paragraph --><!-- wp:paragraph --><\/p>\n<p><!-- \/wp:paragraph --><\/p>\n<p><!-- wp:paragraph --><\/p>\n<p><!-- \/wp:paragraph --><!-- wp:paragraph --><\/p>\n<p><!-- \/wp:paragraph --><\/p>\n<p><!-- wp:paragraph --><\/p>\n<p><!-- \/wp:paragraph --><\/p>\n<p><!-- \/wp:paragraph --><\/p>\n<p><!-- wp:paragraph {\"fontSize\":\"medium\"} --><\/p>\n<p class=\"has-medium-font-size\">Dla grup zorganizowanych z Gryfic podajemy kontakt do przewo\u017anik\u00f3w kt\u00f3rzy ch\u0119tnie dowozili dzieci na warsztaty do \u015awieszewa:<\/p>\n<p><!-- \/wp:paragraph --><\/p>\n<p><!-- wp:list {\"ordered\":true} --><\/p>\n<ol class=\"wp-block-list\"><!-- wp:list-item {\"fontSize\":\"medium\"} --><\/p>\n<li class=\"has-medium-font-size\">PSONI Gryfice Pan Tomasz J\u0119dzura tel. 509 582 373 (bus, grupy do 20 os\u00f3b)<\/li>\n<p><!-- \/wp:list-item --><\/p>\n<p><!-- wp:list-item {\"fontSize\":\"medium\"} --><\/p>\n<li class=\"has-medium-font-size\">Transport osobowy Pan Przemys\u0142aw Rajko tel. 606 740 480<\/li>\n<p><!-- \/wp:list-item --><\/p>\n<p><!-- wp:list-item {\"fontSize\":\"medium\"} --><\/p>\n<li class=\"has-medium-font-size\">PKS Gryfice Pani Bogus\u0142awa Zemska tel. 601 724 699<\/li>\n<p><!-- \/wp:list-item --><\/ol>\n<p><!-- \/wp:list --><\/p>","protected":false},"excerpt":{"rendered":"<p>Zapraszamy do Staropolskiej Miodziarni miejsca, gdzie nauka ma smak miodu i zapach tradycji!\u00a0 Staropolska Miodziarnia po\u0142o\u017cona jest w wyj\u0105tkowym miejscu Pomorza Zachodniego otoczonym przez zachwycaj\u0105ce Wzg\u00f3rza \u015awieszewskie &#8211; Piaskow\u0105 G\u00f3r\u0119, Wy\u017cynk\u0119 oraz Bukowiec. To kraina \u0142agodnych wzniesie\u0144, soczystej zieleni i czystego powietrza, kt\u00f3ra stanowi idealne t\u0142o dla edukacji w zgodzie z natur\u0105. Okolica s\u0142ynie z [&hellip;]<\/p>\n","protected":false},"author":1,"featured_media":0,"parent":0,"menu_order":0,"comment_status":"closed","ping_status":"closed","template":"","meta":{"footnotes":""},"class_list":["post-22","page","type-page","status-publish","hentry","entry","owp-thumbs-layout-horizontal","owp-btn-big","owp-tabs-layout-horizontal","has-no-thumbnails","has-product-nav"],"_links":{"self":[{"href":"http:\/\/staropolskamiodziarnia.pl\/index.php?rest_route=\/wp\/v2\/pages\/22","targetHints":{"allow":["GET"]}}],"collection":[{"href":"http:\/\/staropolskamiodziarnia.pl\/index.php?rest_route=\/wp\/v2\/pages"}],"about":[{"href":"http:\/\/staropolskamiodziarnia.pl\/index.php?rest_route=\/wp\/v2\/types\/page"}],"author":[{"embeddable":true,"href":"http:\/\/staropolskamiodziarnia.pl\/index.php?rest_route=\/wp\/v2\/users\/1"}],"replies":[{"embeddable":true,"href":"http:\/\/staropolskamiodziarnia.pl\/index.php?rest_route=%2Fwp%2Fv2%2Fcomments&post=22"}],"version-history":[{"count":49,"href":"http:\/\/staropolskamiodziarnia.pl\/index.php?rest_route=\/wp\/v2\/pages\/22\/revisions"}],"predecessor-version":[{"id":559,"href":"http:\/\/staropolskamiodziarnia.pl\/index.php?rest_route=\/wp\/v2\/pages\/22\/revisions\/559"}],"wp:attachment":[{"href":"http:\/\/staropolskamiodziarnia.pl\/index.php?rest_route=%2Fwp%2Fv2%2Fmedia&parent=22"}],"curies":[{"name":"wp","href":"https:\/\/api.w.org\/{rel}","templated":true}]}}